{"id":9,"date":"2023-12-19T16:28:13","date_gmt":"2023-12-19T15:28:13","guid":{"rendered":"http:\/\/www.exocoiff.com\/?page_id=9"},"modified":"2026-03-06T13:17:15","modified_gmt":"2026-03-06T12:17:15","slug":"esthetique","status":"publish","type":"page","link":"https:\/\/www.exocoiff.com\/?page_id=9","title":{"rendered":"FORMATION ESTHETIQUE"},"content":{"rendered":"\n<p>Les inscriptions sont en cours&#8230;<\/p>\n\n\n\n<p><strong>Des formations avec remise de Dipl\u00f4me d\u2019Esth\u00e9tique- Cosm\u00e9tique ou de Certificat de Sp\u00e9cialisation.<\/strong><\/p>\n\n\n\n<p><br>1) Nos fili\u00e8res<br>&#8211; Soins du Corps\u00a0: massages relaxant (californien), tonifiant, gommage et masque corporels\u00a0:<br>lundi et mercredi, de 13h \u00e0 16h- <mark style=\"background-color:rgba(0, 0, 0, 0)\" class=\"has-inline-color has-vivid-red-color\">Prochaine session de formation: Avril 2026<\/mark><br>&#8211; Soins du Visage\u00a0: mardi et jeudi, de 9h \u00e0 11h- <mark style=\"background-color:rgba(0, 0, 0, 0)\" class=\"has-inline-color has-vivid-red-color\">Prochaine session de formation: Avril 2026<\/mark><br>&#8211; Maquillage\u00a0professionnel (Make- up): mardi et jeudi, de 11h \u00e0 13h30- <mark style=\"background-color:rgba(0, 0, 0, 0)\" class=\"has-inline-color has-vivid-red-color\">Prochaine session de formation: Mai 2026<\/mark><br>&#8211; Epilation\u00a0: vendredi, de 10h \u00e0 12h- <mark style=\"background-color:rgba(0, 0, 0, 0)\" class=\"has-inline-color has-vivid-red-color\">Prochaine session de formation: Mai 2026<\/mark><br>&#8211; Manucure -P\u00e9dicure + Pose faux ongles : lundi et mercredi, de 9h \u00e0 12h- <mark style=\"background-color:rgba(0, 0, 0, 0)\" class=\"has-inline-color has-vivid-red-color\">Prochaine session de formation : Avril 2026<\/mark><\/p>\n\n\n\n<p><br>2) Formations pratiques et \/ ou th\u00e9oriques en 2 mois pour chaque module. Effectifs limit\u00e9s \u00e0 6<br>\u00e9tudiant(e)s au maximum par formation.<br>Les cours th\u00e9oriques comprennent&nbsp;: la cosm\u00e9tologie, la technologie, la connaissance du milieu de<br>travail et la biologie appliqu\u00e9e.<\/p>\n\n\n\n<p><br>3) Niveau de Formation&nbsp;: CM2 minimum (pour le Certificat) et 4 \u00e8me secondaire pour le dipl\u00f4me<br>d\u2019Esth\u00e9tique- Cosm\u00e9tique.<\/p>\n\n\n\n<p><br>4) Co\u00fbt des formations&nbsp;:<\/p>\n\n\n\n<figure class=\"wp-block-table\"><table><thead><tr><th class=\"has-text-align-center\" data-align=\"center\">FORMATION<\/th><th class=\"has-text-align-center\" data-align=\"center\">CO\u00dbT<\/th><\/tr><\/thead><tbody><tr><td class=\"has-text-align-center\" data-align=\"center\">Soins du corps<\/td><td class=\"has-text-align-center\" data-align=\"center\">300.000 FCFA<\/td><\/tr><tr><td class=\"has-text-align-center\" data-align=\"center\">Soins du visage<\/td><td class=\"has-text-align-center\" data-align=\"center\">200.000 FCFA<\/td><\/tr><tr><td class=\"has-text-align-center\" data-align=\"center\">Maquillage professionnel (Make-up)<\/td><td class=\"has-text-align-center\" data-align=\"center\">250.000 FCFA<\/td><\/tr><tr><td class=\"has-text-align-center\" data-align=\"center\">\u00c9pilation du corps<\/td><td class=\"has-text-align-center\" data-align=\"center\">100.000 FCFA<\/td><\/tr><tr><td class=\"has-text-align-center\" data-align=\"center\">Manucure- P\u00e9dicure + Pose faux Ongles (r\u00e9sine et gel)<\/td><td class=\"has-text-align-center\" data-align=\"center\">300.000 FCFA<\/td><\/tr><\/tbody><\/table><\/figure>\n\n\n\n<p><strong>NB&nbsp;: Le co\u00fbt de chaque module comprend&nbsp;: les frais d\u2019\u00e9tude + les frais d\u2019inscription et de dossier +<br>les fournitures (mat\u00e9riel + produits).<\/strong><\/p>\n","protected":false},"excerpt":{"rendered":"<p>Les inscriptions sont en cours&#8230; Des formations avec remise de Dipl\u00f4me d\u2019Esth\u00e9tique- Cosm\u00e9tique ou de Certificat de Sp\u00e9cialisation. 1) Nos fili\u00e8res&#8211; Soins du Corps\u00a0: massages relaxant (californien), tonifiant, gommage et masque corporels\u00a0:lundi et mercredi, de 13h \u00e0 16h- Prochaine session de formation: Avril 2026&#8211; Soins du Visage\u00a0: mardi et jeudi, de 9h \u00e0 11h- Prochaine [&hellip;]<\/p>\n","protected":false},"author":1,"featured_media":0,"parent":0,"menu_order":0,"comment_status":"closed","ping_status":"closed","template":"","meta":{"_eb_attr":"","om_disable_all_campaigns":false,"_monsterinsights_skip_tracking":false,"_monsterinsights_sitenote_active":false,"_monsterinsights_sitenote_note":"","_monsterinsights_sitenote_category":0,"ngg_post_thumbnail":0,"footnotes":""},"class_list":["post-9","page","type-page","status-publish","hentry"],"aioseo_notices":[],"_links":{"self":[{"href":"https:\/\/www.exocoiff.com\/index.php?rest_route=\/wp\/v2\/pages\/9","targetHints":{"allow":["GET"]}}],"collection":[{"href":"https:\/\/www.exocoiff.com\/index.php?rest_route=\/wp\/v2\/pages"}],"about":[{"href":"https:\/\/www.exocoiff.com\/index.php?rest_route=\/wp\/v2\/types\/page"}],"author":[{"embeddable":true,"href":"https:\/\/www.exocoiff.com\/index.php?rest_route=\/wp\/v2\/users\/1"}],"replies":[{"embeddable":true,"href":"https:\/\/www.exocoiff.com\/index.php?rest_route=%2Fwp%2Fv2%2Fcomments&post=9"}],"version-history":[{"count":15,"href":"https:\/\/www.exocoiff.com\/index.php?rest_route=\/wp\/v2\/pages\/9\/revisions"}],"predecessor-version":[{"id":1216,"href":"https:\/\/www.exocoiff.com\/index.php?rest_route=\/wp\/v2\/pages\/9\/revisions\/1216"}],"wp:attachment":[{"href":"https:\/\/www.exocoiff.com\/index.php?rest_route=%2Fwp%2Fv2%2Fmedia&parent=9"}],"curies":[{"name":"wp","href":"https:\/\/api.w.org\/{rel}","templated":true}]}}