{"id":116,"date":"2023-12-29T09:51:38","date_gmt":"2023-12-29T08:51:38","guid":{"rendered":"http:\/\/www.exocoiff.com\/?page_id=116"},"modified":"2026-03-06T13:00:30","modified_gmt":"2026-03-06T12:00:30","slug":"ecole-exocoiff","status":"publish","type":"page","link":"https:\/\/www.exocoiff.com\/?page_id=116","title":{"rendered":"Ecole EXOCOIFF"},"content":{"rendered":"\n<p>EXOCOIFF Ecole de Coiffure et de Soins esth\u00e9tiques Dakar S\u00e9n\u00e9gal formation professionnelle dans les m\u00e9tiers<\/p>\n\n\n\n<p><\/p>\n","protected":false},"excerpt":{"rendered":"<p>EXOCOIFF Ecole de Coiffure et de Soins esth\u00e9tiques Dakar S\u00e9n\u00e9gal formation professionnelle dans les m\u00e9tiers<\/p>\n","protected":false},"author":1,"featured_media":0,"parent":0,"menu_order":0,"comment_status":"closed","ping_status":"closed","template":"","meta":{"_eb_attr":"","om_disable_all_campaigns":false,"_monsterinsights_skip_tracking":false,"_monsterinsights_sitenote_active":false,"_monsterinsights_sitenote_note":"","_monsterinsights_sitenote_category":0,"ngg_post_thumbnail":0,"footnotes":""},"class_list":["post-116","page","type-page","status-publish","hentry"],"aioseo_notices":[],"_links":{"self":[{"href":"https:\/\/www.exocoiff.com\/index.php?rest_route=\/wp\/v2\/pages\/116","targetHints":{"allow":["GET"]}}],"collection":[{"href":"https:\/\/www.exocoiff.com\/index.php?rest_route=\/wp\/v2\/pages"}],"about":[{"href":"https:\/\/www.exocoiff.com\/index.php?rest_route=\/wp\/v2\/types\/page"}],"author":[{"embeddable":true,"href":"https:\/\/www.exocoiff.com\/index.php?rest_route=\/wp\/v2\/users\/1"}],"replies":[{"embeddable":true,"href":"https:\/\/www.exocoiff.com\/index.php?rest_route=%2Fwp%2Fv2%2Fcomments&post=116"}],"version-history":[{"count":3,"href":"https:\/\/www.exocoiff.com\/index.php?rest_route=\/wp\/v2\/pages\/116\/revisions"}],"predecessor-version":[{"id":1210,"href":"https:\/\/www.exocoiff.com\/index.php?rest_route=\/wp\/v2\/pages\/116\/revisions\/1210"}],"wp:attachment":[{"href":"https:\/\/www.exocoiff.com\/index.php?rest_route=%2Fwp%2Fv2%2Fmedia&parent=116"}],"curies":[{"name":"wp","href":"https:\/\/api.w.org\/{rel}","templated":true}]}}