{"id":101,"date":"2023-12-29T09:42:08","date_gmt":"2023-12-29T08:42:08","guid":{"rendered":"http:\/\/www.exocoiff.com\/?page_id=101"},"modified":"2025-12-26T10:51:34","modified_gmt":"2025-12-26T09:51:34","slug":"soins-du-corps","status":"publish","type":"page","link":"https:\/\/www.exocoiff.com\/?page_id=101","title":{"rendered":"Soins du Corps"},"content":{"rendered":"\t\t<div data-elementor-type=\"wp-page\" data-elementor-id=\"101\" class=\"elementor elementor-101\" data-elementor-post-type=\"page\">\n\t\t\t\t<div class=\"elementor-element elementor-element-d179a01 e-flex e-con-boxed e-con e-parent\" data-id=\"d179a01\" data-element_type=\"container\">\n\t\t\t\t\t<div class=\"e-con-inner\">\n\t\t\t\t<div class=\"elementor-element elementor-element-3b62f15 elementor-widget elementor-widget-spacer\" data-id=\"3b62f15\" data-element_type=\"widget\" data-widget_type=\"spacer.default\">\n\t\t\t\t\t\t\t<div class=\"elementor-spacer\">\n\t\t\t<div class=\"elementor-spacer-inner\"><\/div>\n\t\t<\/div>\n\t\t\t\t\t\t<\/div>\n\t\t\t\t\t<\/div>\n\t\t\t\t<\/div>\n\t\t<div class=\"elementor-element elementor-element-1971951 e-flex e-con-boxed e-con e-parent\" data-id=\"1971951\" data-element_type=\"container\">\n\t\t\t\t\t<div class=\"e-con-inner\">\n\t\t\t\t<div class=\"elementor-element elementor-element-52a5547 elementor-widget elementor-widget-text-editor\" data-id=\"52a5547\" data-element_type=\"widget\" data-widget_type=\"text-editor.default\">\n\t\t\t\t\t\t\t\t\t<p style=\"text-align: center;\">Massages relaxant (californien), tonifiant, gommage et masque corporels : lundi et mercredi, de 09h \u00e0 12h<\/p>\n<p><!-- \/wp:paragraph --><!-- wp:paragraph --><\/p>\n<p style=\"text-align: center;\">Formation en cours. <strong>Prochaine session : En cours..<\/strong><\/p>\t\t\t\t\t\t\t\t<\/div>\n\t\t\t\t<div class=\"elementor-element elementor-element-76b047d elementor-widget elementor-widget-eael-svg-draw\" data-id=\"76b047d\" data-element_type=\"widget\" data-widget_type=\"eael-svg-draw.default\">\n\t\t\t\t\t<div class=\"eael-svg-draw-container page-load \" data-settings=\"{&quot;fill_type&quot;:&quot;none&quot;,&quot;fill_color&quot;:null,&quot;start_point&quot;:&quot;95%&quot;,&quot;end_point&quot;:&quot;10%&quot;,&quot;marker&quot;:false,&quot;loop&quot;:&quot;yes&quot;,&quot;loop_delay&quot;:1.5,&quot;pause&quot;:&quot;no&quot;,&quot;direction&quot;:&quot;reverse&quot;,&quot;excludeStyle&quot;:&quot;no&quot;,&quot;transition&quot;:&quot;1&quot;,&quot;stroke_length&quot;:100,&quot;ease_type&quot;:&quot;none&quot;,&quot;speed&quot;:1}\"><svg class='svg-inline--fas-fa-school  eael-svg-icon' aria-hidden='true' role='img' xmlns='http:\/\/www.w3.org\/2000\/svg' viewBox='0 0 640 512'><path fill='' d='M0 224v272c0 8.84 7.16 16 16 16h80V192H32c-17.67 0-32 14.33-32 32zm360-48h-24v-40c0-4.42-3.58-8-8-8h-16c-4.42 0-8 3.58-8 8v64c0 4.42 3.58 8 8 8h48c4.42 0 8-3.58 8-8v-16c0-4.42-3.58-8-8-8zm137.75-63.96l-160-106.67a32.02 32.02 0 0 0-35.5 0l-160 106.67A32.002 32.002 0 0 0 128 138.66V512h128V368c0-8.84 7.16-16 16-16h96c8.84 0 16 7.16 16 16v144h128V138.67c0-10.7-5.35-20.7-14.25-26.63zM320 256c-44.18 0-80-35.82-80-80s35.82-80 80-80 80 35.82 80 80-35.82 80-80 80zm288-64h-64v320h80c8.84 0 16-7.16 16-16V224c0-17.67-14.33-32-32-32z'><\/path><\/svg> <\/div>\t\t\t\t<\/div>\n\t\t\t\t\t<\/div>\n\t\t\t\t<\/div>\n\t\t<div class=\"elementor-element elementor-element-88e19d8 e-flex e-con-boxed e-con e-parent\" data-id=\"88e19d8\" data-element_type=\"container\">\n\t\t\t\t\t<div class=\"e-con-inner\">\n\t\t\t\t<div class=\"elementor-element elementor-element-6793397 elementor-widget elementor-widget-text-editor\" data-id=\"6793397\" data-element_type=\"widget\" data-widget_type=\"text-editor.default\">\n\t\t\t\t\t\t\t\t\t<p><strong>Niveau de Formation<\/strong>\u00a0: CM2 minimum (pour le Certificat) et 4<sup>\u00e8me <\/sup>secondaire pour le dipl\u00f4me de Soins esth\u00e9tiques.<\/p>\t\t\t\t\t\t\t\t<\/div>\n\t\t\t\t\t<\/div>\n\t\t\t\t<\/div>\n\t\t<div class=\"elementor-element elementor-element-5c99d8b e-flex e-con-boxed e-con e-parent\" data-id=\"5c99d8b\" data-element_type=\"container\">\n\t\t\t\t\t<div class=\"e-con-inner\">\n\t\t\t\t<div class=\"elementor-element elementor-element-f549727 elementor-widget elementor-widget-spacer\" data-id=\"f549727\" data-element_type=\"widget\" data-widget_type=\"spacer.default\">\n\t\t\t\t\t\t\t<div class=\"elementor-spacer\">\n\t\t\t<div class=\"elementor-spacer-inner\"><\/div>\n\t\t<\/div>\n\t\t\t\t\t\t<\/div>\n\t\t\t\t<div class=\"elementor-element elementor-element-186f655 elementor-widget elementor-widget-image\" data-id=\"186f655\" data-element_type=\"widget\" data-widget_type=\"image.default\">\n\t\t\t\t\t\t\t\t\t\t\t\t\t\t\t<img fetchpriority=\"high\" decoding=\"async\" width=\"800\" height=\"531\" src=\"https:\/\/www.exocoiff.com\/wp-content\/uploads\/2024\/04\/Soins-Visage-2-1024x680.jpeg\" class=\"attachment-large size-large wp-image-265\" alt=\"\" srcset=\"https:\/\/www.exocoiff.com\/wp-content\/uploads\/2024\/04\/Soins-Visage-2-1024x680.jpeg 1024w, https:\/\/www.exocoiff.com\/wp-content\/uploads\/2024\/04\/Soins-Visage-2-300x199.jpeg 300w, https:\/\/www.exocoiff.com\/wp-content\/uploads\/2024\/04\/Soins-Visage-2-768x510.jpeg 768w, https:\/\/www.exocoiff.com\/wp-content\/uploads\/2024\/04\/Soins-Visage-2.jpeg 1072w\" sizes=\"(max-width: 800px) 100vw, 800px\" \/>\t\t\t\t\t\t\t\t\t\t\t\t\t\t\t<\/div>\n\t\t\t\t\t<\/div>\n\t\t\t\t<\/div>\n\t\t\t\t<\/div>\n\t\t","protected":false},"excerpt":{"rendered":"<p>Massages relaxant (californien), tonifiant, gommage et masque corporels : lundi et mercredi, de 09h \u00e0 12h Formation en cours. Prochaine session : En cours.. Niveau de Formation\u00a0: CM2 minimum (pour le Certificat) et 4\u00e8me secondaire pour le dipl\u00f4me de Soins esth\u00e9tiques.<\/p>\n","protected":false},"author":1,"featured_media":0,"parent":0,"menu_order":0,"comment_status":"closed","ping_status":"closed","template":"","meta":{"_eb_attr":"","om_disable_all_campaigns":false,"_monsterinsights_skip_tracking":false,"_monsterinsights_sitenote_active":false,"_monsterinsights_sitenote_note":"","_monsterinsights_sitenote_category":0,"ngg_post_thumbnail":0,"footnotes":""},"class_list":["post-101","page","type-page","status-publish","hentry"],"aioseo_notices":[],"_links":{"self":[{"href":"https:\/\/www.exocoiff.com\/index.php?rest_route=\/wp\/v2\/pages\/101","targetHints":{"allow":["GET"]}}],"collection":[{"href":"https:\/\/www.exocoiff.com\/index.php?rest_route=\/wp\/v2\/pages"}],"about":[{"href":"https:\/\/www.exocoiff.com\/index.php?rest_route=\/wp\/v2\/types\/page"}],"author":[{"embeddable":true,"href":"https:\/\/www.exocoiff.com\/index.php?rest_route=\/wp\/v2\/users\/1"}],"replies":[{"embeddable":true,"href":"https:\/\/www.exocoiff.com\/index.php?rest_route=%2Fwp%2Fv2%2Fcomments&post=101"}],"version-history":[{"count":21,"href":"https:\/\/www.exocoiff.com\/index.php?rest_route=\/wp\/v2\/pages\/101\/revisions"}],"predecessor-version":[{"id":1027,"href":"https:\/\/www.exocoiff.com\/index.php?rest_route=\/wp\/v2\/pages\/101\/revisions\/1027"}],"wp:attachment":[{"href":"https:\/\/www.exocoiff.com\/index.php?rest_route=%2Fwp%2Fv2%2Fmedia&parent=101"}],"curies":[{"name":"wp","href":"https:\/\/api.w.org\/{rel}","templated":true}]}}