{"id":177,"date":"2024-01-08T10:04:53","date_gmt":"2024-01-08T09:04:53","guid":{"rendered":"http:\/\/www.exocoiff.com\/?page_id=177"},"modified":"2026-03-06T13:14:55","modified_gmt":"2026-03-06T12:14:55","slug":"formation-complete-coiffure","status":"publish","type":"page","link":"http:\/\/www.exocoiff.com\/?page_id=177","title":{"rendered":"FORMATION COMPLETE COIFFURE"},"content":{"rendered":"\n<p><strong><mark style=\"background-color:rgba(0, 0, 0, 0)\" class=\"has-inline-color has-vivid-red-color\">Prochaine rentr\u00e9e scolaire : lundi 01 Avril 2026 \u00e0 9h<\/mark><\/strong><\/p>\n\n\n\n<p>100% de r\u00e9ussite au CAP coiffure 2023, 2024, 2025.<\/p>\n\n\n\n<p><strong>Devenez Coiffeuse Professionnelle en 1 ann\u00e9e ou 2 dans le C.F.P. \u00ab\u00a0EXOCOIFF\u2019\u00a0\u00bb<br>Une \u00e9cole moderne et performante comprenant des salles de th\u00e9orie et de pratique<br>\u00e9quip\u00e9es en salon de Coiffure o\u00f9 vous apprendrez toutes les techniques de coiffage\u00a0:<\/strong><\/p>\n\n\n<hr>\n<p>&nbsp;<\/p>\n\n\n<ul class=\"wp-block-list\">\n<li>Les Shampooings \u2013 Soins capillaires\u2013 Massages du cuir chevelu \u2013 D\u00e9frisage \u00e0 froid\u2013<\/li>\n\n\n\n<li>Colorations \u2013 M\u00e8ches d\u00e9color\u00e9es \u2013 Coupes (dames &amp; hommes) \u2013 Mises en plis \u2013 Brushing \u2013<\/li>\n\n\n\n<li>Coiffage au fer \u2013 Chignons \u2013 Poses de greffages \u2013 Tresses- Maquillage- Pose foulard-<\/li>\n\n\n\n<li>Technologie \u2013 Biologie appliqu\u00e9e.<br>1)- Une Formation technique ax\u00e9e sur de la pratique et de la th\u00e9orie pour des personnes d\u00e9butantes o\u00f9 tous les niveaux scolaires sont admis. Il existe 3 options selon la dur\u00e9e de formation\u00a0:<br> &#8211; Formation Pratique en 1 an \u00e0 Plein-temps (matin et apr\u00e8s-midi)\u00a0: du lundi au vendredi de 9h \u00e0<br>12h et de 13h \u00e0 16h\u00a0;<br> &#8211; Formation Pratique en 2 ans matin ou apr\u00e8s- midi: du lundi au vendredi de 9h \u00e0 12h ou de 13h \u00e0 16h.<br>2)- Des stages sont organis\u00e9s dans des Salons de Coiffure conventionn\u00e9s par l\u2019\u00e9cole.<br>3)- Co\u00fbt des formations\u00a0:<\/li>\n<\/ul>\n\n\n\n<figure class=\"wp-block-table\"><table><thead><tr><th class=\"has-text-align-center\" data-align=\"center\">Formation Coiffure<\/th><th class=\"has-text-align-center\" data-align=\"center\">Pratique en 1an (12mois)<\/th><th class=\"has-text-align-center\" data-align=\"center\">Pratique en 2 ans (24mois) <\/th><\/tr><\/thead><tbody><tr><td class=\"has-text-align-center\" data-align=\"center\">Niveau scolaire requis<\/td><td class=\"has-text-align-center\" data-align=\"center\">Tous niveaux scolaires<\/td><td class=\"has-text-align-center\" data-align=\"center\">Tous niveaux scolaires<\/td><\/tr><tr><td class=\"has-text-align-center\" data-align=\"center\">Frais de dossier<\/td><td class=\"has-text-align-center\" data-align=\"center\">40.000 FCFA<\/td><td class=\"has-text-align-center\" data-align=\"center\">25.000 FCFA<\/td><\/tr><tr><td class=\"has-text-align-center\" data-align=\"center\">Mensualit\u00e9<\/td><td class=\"has-text-align-center\" data-align=\"center\">35.000 FCFA<\/td><td class=\"has-text-align-center\" data-align=\"center\">20.000 FCFA<\/td><\/tr><tr><td class=\"has-text-align-center\" data-align=\"center\"><strong>1er Versement<\/strong><\/td><td class=\"has-text-align-center\" data-align=\"center\"><strong>75.000 FCFA<\/strong><\/td><td class=\"has-text-align-center\" data-align=\"center\"><strong>45.000 FCFA<\/strong><\/td><\/tr><\/tbody><\/table><\/figure>\n\n\n\n<p class=\"has-text-align-center\"><strong><mark style=\"background-color:rgba(0, 0, 0, 0)\" class=\"has-inline-color has-vivid-red-color\">Suppl\u00e9ment Manucure- P\u00e9dicure&nbsp;: 20.000F<\/mark><\/strong><br>FORMATION ET INSCRIPTION PAR SESSION TOUS LES DEUX MOIS<br>Contacts&nbsp;: T\u00e9l&nbsp;: (00221) 33.864.69.49<\/p>\n\n\n\n<p class=\"has-text-align-center\">T\u00e9l portable&nbsp;: (00221)77&nbsp;813 49 86 \/ 77 649 46 93<\/p>\n\n\n\n<p class=\"has-text-align-center\">E- mail&nbsp;: exocoiff@yahoo.fr<\/p>\n\n\n\n<p>Liste des fournitures \u00e0 acheter disponibles au secr\u00e9tariat.<\/p>\n\n\n\n<p class=\"has-text-align-center\"><strong>NB<\/strong>: l<em>a liste des fournitures \u00e0 acheter au cours de la formation est disponible aupr\u00e8s du secr\u00e9tariat.<\/em><br><strong>FORMATION ET INSCRIPTION PAR SESSION TOUS LES DEUX MOIS<\/strong><\/p>\n","protected":false},"excerpt":{"rendered":"<p>Prochaine rentr\u00e9e scolaire : lundi 01 Avril 2026 \u00e0 9h 100% de r\u00e9ussite au CAP coiffure 2023, 2024, 2025. Devenez Coiffeuse Professionnelle en 1 ann\u00e9e ou 2 dans le C.F.P. \u00ab\u00a0EXOCOIFF\u2019\u00a0\u00bbUne \u00e9cole moderne et performante comprenant des salles de th\u00e9orie et de pratique\u00e9quip\u00e9es en salon de Coiffure o\u00f9 vous apprendrez toutes les techniques de coiffage\u00a0: [&hellip;]<\/p>\n","protected":false},"author":1,"featured_media":0,"parent":0,"menu_order":0,"comment_status":"closed","ping_status":"closed","template":"","meta":{"_eb_attr":"","om_disable_all_campaigns":false,"_monsterinsights_skip_tracking":false,"_monsterinsights_sitenote_active":false,"_monsterinsights_sitenote_note":"","_monsterinsights_sitenote_category":0,"ngg_post_thumbnail":0,"footnotes":""},"class_list":["post-177","page","type-page","status-publish","hentry"],"aioseo_notices":[],"_links":{"self":[{"href":"http:\/\/www.exocoiff.com\/index.php?rest_route=\/wp\/v2\/pages\/177","targetHints":{"allow":["GET"]}}],"collection":[{"href":"http:\/\/www.exocoiff.com\/index.php?rest_route=\/wp\/v2\/pages"}],"about":[{"href":"http:\/\/www.exocoiff.com\/index.php?rest_route=\/wp\/v2\/types\/page"}],"author":[{"embeddable":true,"href":"http:\/\/www.exocoiff.com\/index.php?rest_route=\/wp\/v2\/users\/1"}],"replies":[{"embeddable":true,"href":"http:\/\/www.exocoiff.com\/index.php?rest_route=%2Fwp%2Fv2%2Fcomments&post=177"}],"version-history":[{"count":28,"href":"http:\/\/www.exocoiff.com\/index.php?rest_route=\/wp\/v2\/pages\/177\/revisions"}],"predecessor-version":[{"id":1214,"href":"http:\/\/www.exocoiff.com\/index.php?rest_route=\/wp\/v2\/pages\/177\/revisions\/1214"}],"wp:attachment":[{"href":"http:\/\/www.exocoiff.com\/index.php?rest_route=%2Fwp%2Fv2%2Fmedia&parent=177"}],"curies":[{"name":"wp","href":"https:\/\/api.w.org\/{rel}","templated":true}]}}